{"id":140,"date":"2015-08-25T08:25:40","date_gmt":"2015-08-25T06:25:40","guid":{"rendered":"http:\/\/clouds.ch\/?page_id=140"},"modified":"2022-08-10T15:46:23","modified_gmt":"2022-08-10T13:46:23","slug":"clouds-reservation","status":"publish","type":"page","link":"https:\/\/clouds.ch\/en\/clouds-reservation\/","title":{"rendered":"Reservation"},"content":{"rendered":"<h1>Reservation<\/h1>\n<div class=\"\">\n<p>Online reservations for the CLOUDS Kitchen can be made up to three months in advance via our reservation tool. <\/p>\n<div style=\"background: none; padding: 0px 0px 0px 0px; margin-top: -40px; margin-bottom: 0px;\"><a target=\"_blank\" style=\"color: #000; text-decoration: none; font-weight: normal;\" href=\"https:\/\/mytools.aleno.me\/reservations\/v2.0\/reservations.html?k=eyJrIjoid2l2dTVrM2lsNm15cnBiOWlwdzZ4bmViajhycnVkaWRpZ280bGZwODBsbzlhNGlweTEiLCJyIjoiWWpoeThUVG1NQVBCS1RieWsiLCJzIjoiaHR0cHM6Ly9teXRvb2xzLmFsZW5vLm1lLyJ9\" rel=\"noopener\"><\/p>\n<p style=\"margin-bottom: 0px !important; background: rgb(183, 146, 46); border: 0px solid #ccc; padding: 17px 25px; text-align: center; font-size: 18px; width: 300px;\">BOOK ONLINE<\/p>\n<p><\/a><\/div>\n<p>Please call +41 44 404 30 00 to make a reservation for parties of more than 5 people or send an e-mail to info@clouds.ch. We hope to extend our hospitality to you in the CLOUDS Restaurant soon. We look forward to welcome you at CLOUDS to the following hours:<\/p>\n<table>\n<tbody>\n<tr>\n<td valign=\"top\">Monday-Thursday:<\/td>\n<td>11.30am<\/td>\n<td>\u00a0&#8211;<\/td>\n<td>02.00pm<\/td>\n<\/tr>\n<tr>\n<td><\/td>\n<td>06.00pm<\/td>\n<td>\u00a0&#8211;<\/td>\n<td>10.00pm<\/td>\n<\/tr>\n<tr>\n<td valign=\"top\">Fridays:<\/td>\n<td>11.30am<\/td>\n<td>\u00a0&#8211;<\/td>\n<td>02.00pm<\/td>\n<\/tr>\n<tr>\n<td><\/td>\n<td>06.00pm<\/td>\n<td>\u00a0&#8211;<\/td>\n<td>10.30pm<\/td>\n<\/tr>\n<tr>\n<td valign=\"top\">Saturday:<\/td>\n<td>10.00am<\/td>\n<td>\u00a0&#8211;<\/td>\n<td>03.00pm<\/td>\n<\/tr>\n<tr>\n<td><\/td>\n<td>06.30pm<\/td>\n<td>\u00a0&#8211;<\/td>\n<td>10.30pm<\/td>\n<\/tr>\n<tr>\n<td valign=\"top\">Sunday(brunch):<\/td>\n<td>10.00am<\/td>\n<td>\u00a0&#8211;<\/td>\n<td>03.00pm<\/td>\n<\/tr>\n<tr>\n<td><\/td>\n<\/tr>\n<\/tbody>\n<\/table>\n<p>&nbsp;<\/p>\n<p>Desire to see the CLOUDS from inside? Now you can walk virtually through the CLOUDS. Just click <a href=\"https:\/\/goo.gl\/maps\/f9575HUr8jm\">here<\/a>.<\/p>\n<\/div>\n<div class=\"half-width\">\n<\/div>\n","protected":false},"excerpt":{"rendered":"<p>Reservation Online reservations for the CLOUDS Kitchen can be made up to three months in advance via our reservation tool. BOOK ONLINE Please call +41 44 404 30 00 to make a reservation for parties of more than 5 people or send an e-mail to info@clouds.ch. We hope to extend our hospitality to you in [&hellip;]<\/p>\n","protected":false},"author":7,"featured_media":0,"parent":0,"menu_order":0,"comment_status":"closed","ping_status":"open","template":"","meta":{"footnotes":""},"class_list":["post-140","page","type-page","status-publish","hentry"],"yoast_head":"<!-- This site is optimized with the Yoast SEO plugin v27.3 - https:\/\/yoast.com\/product\/yoast-seo-wordpress\/ -->\n<title>Place your reservation directly online for CLOUDS in Zurich<\/title>\n<meta name=\"description\" content=\"You can place your reservation directly online for CLOUDS Restaurant &amp; Bistro in Zurich and enjoy best views - for privat events please call us directly.\" \/>\n<meta name=\"robots\" content=\"index, follow, max-snippet:-1, max-image-preview:large, max-video-preview:-1\" \/>\n<link rel=\"canonical\" href=\"https:\/\/clouds.ch\/en\/clouds-reservation\/\" \/>\n<meta property=\"og:locale\" content=\"en_US\" \/>\n<meta property=\"og:type\" content=\"article\" \/>\n<meta property=\"og:title\" content=\"Place your reservation directly online for CLOUDS in Zurich\" \/>\n<meta property=\"og:description\" content=\"You can place your reservation directly online for CLOUDS Restaurant &amp; Bistro in Zurich and enjoy best views - for privat events please call us directly.\" \/>\n<meta property=\"og:url\" content=\"https:\/\/clouds.ch\/en\/clouds-reservation\/\" \/>\n<meta property=\"og:site_name\" content=\"CLOUDS Kitchen - Panorama Restaurant im Prime Tower Z\u00fcrich\" \/>\n<meta property=\"article:modified_time\" content=\"2022-08-10T13:46:23+00:00\" \/>\n<meta name=\"twitter:card\" content=\"summary_large_image\" \/>\n<meta name=\"twitter:label1\" content=\"Est. reading time\" \/>\n\t<meta name=\"twitter:data1\" content=\"1 minute\" \/>\n<script type=\"application\/ld+json\" class=\"yoast-schema-graph\">{\"@context\":\"https:\\\/\\\/schema.org\",\"@graph\":[{\"@type\":\"WebPage\",\"@id\":\"https:\\\/\\\/clouds.ch\\\/en\\\/clouds-reservation\\\/\",\"url\":\"https:\\\/\\\/clouds.ch\\\/en\\\/clouds-reservation\\\/\",\"name\":\"Place your reservation directly online for CLOUDS in Zurich\",\"isPartOf\":{\"@id\":\"https:\\\/\\\/clouds.ch\\\/#website\"},\"datePublished\":\"2015-08-25T06:25:40+00:00\",\"dateModified\":\"2022-08-10T13:46:23+00:00\",\"description\":\"You can place your reservation directly online for CLOUDS Restaurant & Bistro in Zurich and enjoy best views - for privat events please call us directly.\",\"breadcrumb\":{\"@id\":\"https:\\\/\\\/clouds.ch\\\/en\\\/clouds-reservation\\\/#breadcrumb\"},\"inLanguage\":\"en-US\",\"potentialAction\":[{\"@type\":\"ReadAction\",\"target\":[\"https:\\\/\\\/clouds.ch\\\/en\\\/clouds-reservation\\\/\"]}]},{\"@type\":\"BreadcrumbList\",\"@id\":\"https:\\\/\\\/clouds.ch\\\/en\\\/clouds-reservation\\\/#breadcrumb\",\"itemListElement\":[{\"@type\":\"ListItem\",\"position\":1,\"name\":\"Home\",\"item\":\"https:\\\/\\\/clouds.ch\\\/\"},{\"@type\":\"ListItem\",\"position\":2,\"name\":\"Reservation\"}]},{\"@type\":\"WebSite\",\"@id\":\"https:\\\/\\\/clouds.ch\\\/#website\",\"url\":\"https:\\\/\\\/clouds.ch\\\/\",\"name\":\"CLOUDS Kitchen - Panorama Restaurant im Prime Tower Z\u00fcrich\",\"description\":\"Das Lokal im Herzen von Z\u00fcrich mit Open Kitchen und Blick \u00fcber die ganze Stadt. Mit Cocktail Bar, Bistro, Smokers Lounge und Priv\u00e9 f\u00fcr spezielle Events.\",\"potentialAction\":[{\"@type\":\"SearchAction\",\"target\":{\"@type\":\"EntryPoint\",\"urlTemplate\":\"https:\\\/\\\/clouds.ch\\\/?s={search_term_string}\"},\"query-input\":{\"@type\":\"PropertyValueSpecification\",\"valueRequired\":true,\"valueName\":\"search_term_string\"}}],\"inLanguage\":\"en-US\"}]}<\/script>\n<!-- \/ Yoast SEO plugin. -->","yoast_head_json":{"title":"Place your reservation directly online for CLOUDS in Zurich","description":"You can place your reservation directly online for CLOUDS Restaurant & Bistro in Zurich and enjoy best views - for privat events please call us directly.","robots":{"index":"index","follow":"follow","max-snippet":"max-snippet:-1","max-image-preview":"max-image-preview:large","max-video-preview":"max-video-preview:-1"},"canonical":"https:\/\/clouds.ch\/en\/clouds-reservation\/","og_locale":"en_US","og_type":"article","og_title":"Place your reservation directly online for CLOUDS in Zurich","og_description":"You can place your reservation directly online for CLOUDS Restaurant & Bistro in Zurich and enjoy best views - for privat events please call us directly.","og_url":"https:\/\/clouds.ch\/en\/clouds-reservation\/","og_site_name":"CLOUDS Kitchen - Panorama Restaurant im Prime Tower Z\u00fcrich","article_modified_time":"2022-08-10T13:46:23+00:00","twitter_card":"summary_large_image","twitter_misc":{"Est. reading time":"1 minute"},"schema":{"@context":"https:\/\/schema.org","@graph":[{"@type":"WebPage","@id":"https:\/\/clouds.ch\/en\/clouds-reservation\/","url":"https:\/\/clouds.ch\/en\/clouds-reservation\/","name":"Place your reservation directly online for CLOUDS in Zurich","isPartOf":{"@id":"https:\/\/clouds.ch\/#website"},"datePublished":"2015-08-25T06:25:40+00:00","dateModified":"2022-08-10T13:46:23+00:00","description":"You can place your reservation directly online for CLOUDS Restaurant & Bistro in Zurich and enjoy best views - for privat events please call us directly.","breadcrumb":{"@id":"https:\/\/clouds.ch\/en\/clouds-reservation\/#breadcrumb"},"inLanguage":"en-US","potentialAction":[{"@type":"ReadAction","target":["https:\/\/clouds.ch\/en\/clouds-reservation\/"]}]},{"@type":"BreadcrumbList","@id":"https:\/\/clouds.ch\/en\/clouds-reservation\/#breadcrumb","itemListElement":[{"@type":"ListItem","position":1,"name":"Home","item":"https:\/\/clouds.ch\/"},{"@type":"ListItem","position":2,"name":"Reservation"}]},{"@type":"WebSite","@id":"https:\/\/clouds.ch\/#website","url":"https:\/\/clouds.ch\/","name":"CLOUDS Kitchen - Panorama Restaurant im Prime Tower Z\u00fcrich","description":"Das Lokal im Herzen von Z\u00fcrich mit Open Kitchen und Blick \u00fcber die ganze Stadt. Mit Cocktail Bar, Bistro, Smokers Lounge und Priv\u00e9 f\u00fcr spezielle Events.","potentialAction":[{"@type":"SearchAction","target":{"@type":"EntryPoint","urlTemplate":"https:\/\/clouds.ch\/?s={search_term_string}"},"query-input":{"@type":"PropertyValueSpecification","valueRequired":true,"valueName":"search_term_string"}}],"inLanguage":"en-US"}]}},"_links":{"self":[{"href":"https:\/\/clouds.ch\/en\/wp-json\/wp\/v2\/pages\/140","targetHints":{"allow":["GET"]}}],"collection":[{"href":"https:\/\/clouds.ch\/en\/wp-json\/wp\/v2\/pages"}],"about":[{"href":"https:\/\/clouds.ch\/en\/wp-json\/wp\/v2\/types\/page"}],"author":[{"embeddable":true,"href":"https:\/\/clouds.ch\/en\/wp-json\/wp\/v2\/users\/7"}],"replies":[{"embeddable":true,"href":"https:\/\/clouds.ch\/en\/wp-json\/wp\/v2\/comments?post=140"}],"version-history":[{"count":5,"href":"https:\/\/clouds.ch\/en\/wp-json\/wp\/v2\/pages\/140\/revisions"}],"predecessor-version":[{"id":7556,"href":"https:\/\/clouds.ch\/en\/wp-json\/wp\/v2\/pages\/140\/revisions\/7556"}],"wp:attachment":[{"href":"https:\/\/clouds.ch\/en\/wp-json\/wp\/v2\/media?parent=140"}],"curies":[{"name":"wp","href":"https:\/\/api.w.org\/{rel}","templated":true}]}}