{"id":138,"date":"2015-08-25T08:24:24","date_gmt":"2015-08-25T06:24:24","guid":{"rendered":"http:\/\/clouds.ch\/?page_id=138"},"modified":"2021-08-16T10:56:24","modified_gmt":"2021-08-16T08:56:24","slug":"clouds-prive","status":"publish","type":"page","link":"https:\/\/clouds.ch\/en\/clouds-prive\/","title":{"rendered":"Prive"},"content":{"rendered":"<h1>PRIV\u00c9<\/h1>\n<p><a class=\"toggle-play\"><i class=\"fa fa-fw fa-play\"><\/i>WATCH MOVIE<\/a><br \/>\nYour event deserves a unique, memorable setting: Modern, elegant and exclusive. The breathtaking views from CLOUDS in the Prime Tower and our first-class service will make sure that your private event, company event, meeting or conference will meet the high expectations of your guests and be remembered for a long time to come.<\/p>\n<p>Lively cocktail parties, exquisite private dining or extraordinary functions come into their own at a height of 120 meters above the vibrant city of Zurich. Rent your own exclusive living room in Kreis 5 and not only impress your business partners or friends but also pamper them in style. CLOUDS Priv\u00e9 fuses exclusivity and an intimate atmosphere, sweeping views across the city of Zurich and Lake Zurich to the Alps with an excellent range of food, drinks and cocktails.<\/p>\n<p>You will find more information in the event documentation. Please get in touch with us. We can advise and assist you in planning lasting memories for your event.<\/p>\n<p><a href=\"\" target=\"_blank\" rel=\"noopener noreferrer\">CLOUDS Bankett Ap\u00e9ro, Flying Dinner<\/a><br \/>\n<a href=\"\" target=\"_blank\" rel=\"noopener noreferrer\">CLOUDS Bankett Winter Menu<\/a><br \/>\n<a href=\"\" target=\"_blank\" rel=\"noopener noreferrer\">CLOUDS event wines<\/a><\/p>\n<p>Dogs are not allowed at CLOUDS.<br \/>\nThe restaurant CLOUDS (incl. our toilets) is wheelchair accessible.<\/p>\n","protected":false},"excerpt":{"rendered":"<p>PRIV\u00c9 WATCH MOVIE Your event deserves a unique, memorable setting: Modern, elegant and exclusive. The breathtaking views from CLOUDS in the Prime Tower and our first-class service will make sure that your private event, company event, meeting or conference will meet the high expectations of your guests and be remembered for a long time to [&hellip;]<\/p>\n","protected":false},"author":7,"featured_media":0,"parent":0,"menu_order":0,"comment_status":"closed","ping_status":"open","template":"","meta":{"footnotes":""},"class_list":["post-138","page","type-page","status-publish","hentry"],"yoast_head":"<!-- This site is optimized with the Yoast SEO plugin v27.5 - https:\/\/yoast.com\/product\/yoast-seo-wordpress\/ -->\n<title>Privat, exclusive and modern Events are held at CLOUDS Priv\u00e9<\/title>\n<meta name=\"description\" content=\"Your event, seminar, workshop or presentation deserves a unique, memorable setting: Modern, elegant and exclusive - and ist best catered at CLOUDS Priv\u00e9.\" \/>\n<meta name=\"robots\" content=\"index, follow, max-snippet:-1, max-image-preview:large, max-video-preview:-1\" \/>\n<link rel=\"canonical\" href=\"https:\/\/clouds.ch\/en\/clouds-prive\/\" \/>\n<meta property=\"og:locale\" content=\"en_US\" \/>\n<meta property=\"og:type\" content=\"article\" \/>\n<meta property=\"og:title\" content=\"Privat, exclusive and modern Events are held at CLOUDS Priv\u00e9\" \/>\n<meta property=\"og:description\" content=\"Your event, seminar, workshop or presentation deserves a unique, memorable setting: Modern, elegant and exclusive - and ist best catered at CLOUDS Priv\u00e9.\" \/>\n<meta property=\"og:url\" content=\"https:\/\/clouds.ch\/en\/clouds-prive\/\" \/>\n<meta property=\"og:site_name\" content=\"CLOUDS Kitchen - Panorama Restaurant im Prime Tower Z\u00fcrich\" \/>\n<meta property=\"article:modified_time\" content=\"2021-08-16T08:56:24+00:00\" \/>\n<meta name=\"twitter:card\" content=\"summary_large_image\" \/>\n<meta name=\"twitter:label1\" content=\"Est. reading time\" \/>\n\t<meta name=\"twitter:data1\" content=\"1 minute\" \/>\n<script type=\"application\/ld+json\" class=\"yoast-schema-graph\">{\"@context\":\"https:\\\/\\\/schema.org\",\"@graph\":[{\"@type\":\"WebPage\",\"@id\":\"https:\\\/\\\/clouds.ch\\\/en\\\/clouds-prive\\\/\",\"url\":\"https:\\\/\\\/clouds.ch\\\/en\\\/clouds-prive\\\/\",\"name\":\"Privat, exclusive and modern Events are held at CLOUDS Priv\u00e9\",\"isPartOf\":{\"@id\":\"https:\\\/\\\/clouds.ch\\\/#website\"},\"datePublished\":\"2015-08-25T06:24:24+00:00\",\"dateModified\":\"2021-08-16T08:56:24+00:00\",\"description\":\"Your event, seminar, workshop or presentation deserves a unique, memorable setting: Modern, elegant and exclusive - and ist best catered at CLOUDS Priv\u00e9.\",\"breadcrumb\":{\"@id\":\"https:\\\/\\\/clouds.ch\\\/en\\\/clouds-prive\\\/#breadcrumb\"},\"inLanguage\":\"en-US\",\"potentialAction\":[{\"@type\":\"ReadAction\",\"target\":[\"https:\\\/\\\/clouds.ch\\\/en\\\/clouds-prive\\\/\"]}]},{\"@type\":\"BreadcrumbList\",\"@id\":\"https:\\\/\\\/clouds.ch\\\/en\\\/clouds-prive\\\/#breadcrumb\",\"itemListElement\":[{\"@type\":\"ListItem\",\"position\":1,\"name\":\"Home\",\"item\":\"https:\\\/\\\/clouds.ch\\\/\"},{\"@type\":\"ListItem\",\"position\":2,\"name\":\"Prive\"}]},{\"@type\":\"WebSite\",\"@id\":\"https:\\\/\\\/clouds.ch\\\/#website\",\"url\":\"https:\\\/\\\/clouds.ch\\\/\",\"name\":\"CLOUDS Kitchen - Panorama Restaurant im Prime Tower Z\u00fcrich\",\"description\":\"Das Lokal im Herzen von Z\u00fcrich mit Open Kitchen und Blick \u00fcber die ganze Stadt. Mit Cocktail Bar, Bistro, Smokers Lounge und Priv\u00e9 f\u00fcr spezielle Events.\",\"potentialAction\":[{\"@type\":\"SearchAction\",\"target\":{\"@type\":\"EntryPoint\",\"urlTemplate\":\"https:\\\/\\\/clouds.ch\\\/?s={search_term_string}\"},\"query-input\":{\"@type\":\"PropertyValueSpecification\",\"valueRequired\":true,\"valueName\":\"search_term_string\"}}],\"inLanguage\":\"en-US\"}]}<\/script>\n<!-- \/ Yoast SEO plugin. -->","yoast_head_json":{"title":"Privat, exclusive and modern Events are held at CLOUDS Priv\u00e9","description":"Your event, seminar, workshop or presentation deserves a unique, memorable setting: Modern, elegant and exclusive - and ist best catered at CLOUDS Priv\u00e9.","robots":{"index":"index","follow":"follow","max-snippet":"max-snippet:-1","max-image-preview":"max-image-preview:large","max-video-preview":"max-video-preview:-1"},"canonical":"https:\/\/clouds.ch\/en\/clouds-prive\/","og_locale":"en_US","og_type":"article","og_title":"Privat, exclusive and modern Events are held at CLOUDS Priv\u00e9","og_description":"Your event, seminar, workshop or presentation deserves a unique, memorable setting: Modern, elegant and exclusive - and ist best catered at CLOUDS Priv\u00e9.","og_url":"https:\/\/clouds.ch\/en\/clouds-prive\/","og_site_name":"CLOUDS Kitchen - Panorama Restaurant im Prime Tower Z\u00fcrich","article_modified_time":"2021-08-16T08:56:24+00:00","twitter_card":"summary_large_image","twitter_misc":{"Est. reading time":"1 minute"},"schema":{"@context":"https:\/\/schema.org","@graph":[{"@type":"WebPage","@id":"https:\/\/clouds.ch\/en\/clouds-prive\/","url":"https:\/\/clouds.ch\/en\/clouds-prive\/","name":"Privat, exclusive and modern Events are held at CLOUDS Priv\u00e9","isPartOf":{"@id":"https:\/\/clouds.ch\/#website"},"datePublished":"2015-08-25T06:24:24+00:00","dateModified":"2021-08-16T08:56:24+00:00","description":"Your event, seminar, workshop or presentation deserves a unique, memorable setting: Modern, elegant and exclusive - and ist best catered at CLOUDS Priv\u00e9.","breadcrumb":{"@id":"https:\/\/clouds.ch\/en\/clouds-prive\/#breadcrumb"},"inLanguage":"en-US","potentialAction":[{"@type":"ReadAction","target":["https:\/\/clouds.ch\/en\/clouds-prive\/"]}]},{"@type":"BreadcrumbList","@id":"https:\/\/clouds.ch\/en\/clouds-prive\/#breadcrumb","itemListElement":[{"@type":"ListItem","position":1,"name":"Home","item":"https:\/\/clouds.ch\/"},{"@type":"ListItem","position":2,"name":"Prive"}]},{"@type":"WebSite","@id":"https:\/\/clouds.ch\/#website","url":"https:\/\/clouds.ch\/","name":"CLOUDS Kitchen - Panorama Restaurant im Prime Tower Z\u00fcrich","description":"Das Lokal im Herzen von Z\u00fcrich mit Open Kitchen und Blick \u00fcber die ganze Stadt. Mit Cocktail Bar, Bistro, Smokers Lounge und Priv\u00e9 f\u00fcr spezielle Events.","potentialAction":[{"@type":"SearchAction","target":{"@type":"EntryPoint","urlTemplate":"https:\/\/clouds.ch\/?s={search_term_string}"},"query-input":{"@type":"PropertyValueSpecification","valueRequired":true,"valueName":"search_term_string"}}],"inLanguage":"en-US"}]}},"_links":{"self":[{"href":"https:\/\/clouds.ch\/en\/wp-json\/wp\/v2\/pages\/138","targetHints":{"allow":["GET"]}}],"collection":[{"href":"https:\/\/clouds.ch\/en\/wp-json\/wp\/v2\/pages"}],"about":[{"href":"https:\/\/clouds.ch\/en\/wp-json\/wp\/v2\/types\/page"}],"author":[{"embeddable":true,"href":"https:\/\/clouds.ch\/en\/wp-json\/wp\/v2\/users\/7"}],"replies":[{"embeddable":true,"href":"https:\/\/clouds.ch\/en\/wp-json\/wp\/v2\/comments?post=138"}],"version-history":[{"count":5,"href":"https:\/\/clouds.ch\/en\/wp-json\/wp\/v2\/pages\/138\/revisions"}],"predecessor-version":[{"id":7333,"href":"https:\/\/clouds.ch\/en\/wp-json\/wp\/v2\/pages\/138\/revisions\/7333"}],"wp:attachment":[{"href":"https:\/\/clouds.ch\/en\/wp-json\/wp\/v2\/media?parent=138"}],"curies":[{"name":"wp","href":"https:\/\/api.w.org\/{rel}","templated":true}]}}