{"id":131,"date":"2015-08-25T08:16:02","date_gmt":"2015-08-25T06:16:02","guid":{"rendered":"http:\/\/clouds.ch\/?page_id=131"},"modified":"2026-03-25T08:15:38","modified_gmt":"2026-03-25T07:15:38","slug":"clouds-kitchen","status":"publish","type":"page","link":"https:\/\/clouds.ch\/en\/clouds-kitchen\/","title":{"rendered":"Kitchen"},"content":{"rendered":"<h1>KITCHEN Restaurant<\/h1>\n<p><a class=\"toggle-play\"><i class=\"fa fa-fw fa-play\"><\/i>WATCH MOVIE<\/a><\/p>\n<p>Located at the heart of Zurich&#8217;s Kreis 5, our restaurant boasts stunning views across the entire city. Sit back and enjoy the panoramic vista while our Kitchen team show off impressive culinary skills in the restaurant&#8217;s open kitchen. The mouth-watering classic dishes and superb menu specials served in the CLOUDS Kitchen change weekly. Enjoy our business lunch at midday or try out the fine dining experience with our \u00e0 la carte menu in the evening. Uncomplicated lunchtime or evening dining in the lively atmosphere of the heavenly aromas.<\/p>\n<p>Those who like to enjoy a brunch on weekends are just right at the CLOUDS. The brunch buffet welcomes every breakfast lover. Hardly a buffet offers so many delights \u00e0 discretion for CHF 69.- (exclusiv hot beverages) per person and invites you to linger. From classic croissants to oysters and tartar the palate is equally excited by fresh fruit and a selection of cheeses and cold meat. A supervised play area pleases parents and children and all can enjoy the brunch buffet in the highest panoramic restaurant in Zurich.<\/p>\n<p><strong>The brunch is back. We are open every Sunday from 10-15Uhr.<br \/>\nThe Clouds Kitchen is temporarily closed. We&#8217;ll keep you updated. <\/strong><\/p>\n<p><a href=\"https:\/\/clouds.ch\/wp-content\/uploads\/2026\/03\/CLOUDS_Kitchen_Fruehling_0326.pdf\" target=\"_blank\" rel=\"noopener noreferrer\">CLOUDS Menu<\/a><br \/>\n<a target=\"_blank\" rel=\"noopener noreferrer\">CLOUDS Wine List<\/a><\/p>\n<h2>Informations<\/h2>\n<p>Dogs are not allowed at CLOUDS.<br \/>\nThe restaurant CLOUDS (incl. our toilets) is wheelchair accessible.<\/p>\n<p>Dresscode: Casual chic. In the evening long trousers are desired for the gentlemens.<\/p>\n<p>Read about us in <a href=\"https:\/\/clouds.ch\/wp-content\/uploads\/2018\/07\/Clouds.pdf\" target=\"_blank\" rel=\"noopener noreferrer\"><strong>Z\u00fcrich geht aus 2018\/19<\/strong><\/a><\/p>\n<p>&nbsp;<\/p>\n<p><strong>2020<\/strong><\/p>\n<p>&nbsp;<\/p>\n","protected":false},"excerpt":{"rendered":"<p>KITCHEN Restaurant WATCH MOVIE Located at the heart of Zurich&#8217;s Kreis 5, our restaurant boasts stunning views across the entire city. Sit back and enjoy the panoramic vista while our Kitchen team show off impressive culinary skills in the restaurant&#8217;s open kitchen. The mouth-watering classic dishes and superb menu specials served in the CLOUDS Kitchen [&hellip;]<\/p>\n","protected":false},"author":7,"featured_media":0,"parent":0,"menu_order":0,"comment_status":"closed","ping_status":"open","template":"","meta":{"footnotes":""},"class_list":["post-131","page","type-page","status-publish","hentry"],"yoast_head":"<!-- This site is optimized with the Yoast SEO plugin v27.5 - https:\/\/yoast.com\/product\/yoast-seo-wordpress\/ -->\n<title>New restaurant with panoramic view CLOUDS Kitchen<\/title>\n<meta name=\"description\" content=\"Enjoy a spectacular view in the restaurant of Zurich while we are preparing your business lunch or dinner right in front of you in the open CLOUDS Kitchen.\" \/>\n<meta name=\"robots\" content=\"index, follow, max-snippet:-1, max-image-preview:large, max-video-preview:-1\" \/>\n<link rel=\"canonical\" href=\"https:\/\/clouds.ch\/en\/clouds-kitchen\/\" \/>\n<meta property=\"og:locale\" content=\"en_US\" \/>\n<meta property=\"og:type\" content=\"article\" \/>\n<meta property=\"og:title\" content=\"New restaurant with panoramic view CLOUDS Kitchen\" \/>\n<meta property=\"og:description\" content=\"Enjoy a spectacular view in the restaurant of Zurich while we are preparing your business lunch or dinner right in front of you in the open CLOUDS Kitchen.\" \/>\n<meta property=\"og:url\" content=\"https:\/\/clouds.ch\/en\/clouds-kitchen\/\" \/>\n<meta property=\"og:site_name\" content=\"CLOUDS Kitchen - Panorama Restaurant im Prime Tower Z\u00fcrich\" \/>\n<meta property=\"article:modified_time\" content=\"2026-03-25T07:15:38+00:00\" \/>\n<meta name=\"twitter:card\" content=\"summary_large_image\" \/>\n<meta name=\"twitter:label1\" content=\"Est. reading time\" \/>\n\t<meta name=\"twitter:data1\" content=\"2 minutes\" \/>\n<script type=\"application\/ld+json\" class=\"yoast-schema-graph\">{\"@context\":\"https:\\\/\\\/schema.org\",\"@graph\":[{\"@type\":\"WebPage\",\"@id\":\"https:\\\/\\\/clouds.ch\\\/en\\\/clouds-kitchen\\\/\",\"url\":\"https:\\\/\\\/clouds.ch\\\/en\\\/clouds-kitchen\\\/\",\"name\":\"New restaurant with panoramic view CLOUDS Kitchen\",\"isPartOf\":{\"@id\":\"https:\\\/\\\/clouds.ch\\\/#website\"},\"datePublished\":\"2015-08-25T06:16:02+00:00\",\"dateModified\":\"2026-03-25T07:15:38+00:00\",\"description\":\"Enjoy a spectacular view in the restaurant of Zurich while we are preparing your business lunch or dinner right in front of you in the open CLOUDS Kitchen.\",\"breadcrumb\":{\"@id\":\"https:\\\/\\\/clouds.ch\\\/en\\\/clouds-kitchen\\\/#breadcrumb\"},\"inLanguage\":\"en-US\",\"potentialAction\":[{\"@type\":\"ReadAction\",\"target\":[\"https:\\\/\\\/clouds.ch\\\/en\\\/clouds-kitchen\\\/\"]}]},{\"@type\":\"BreadcrumbList\",\"@id\":\"https:\\\/\\\/clouds.ch\\\/en\\\/clouds-kitchen\\\/#breadcrumb\",\"itemListElement\":[{\"@type\":\"ListItem\",\"position\":1,\"name\":\"Home\",\"item\":\"https:\\\/\\\/clouds.ch\\\/\"},{\"@type\":\"ListItem\",\"position\":2,\"name\":\"Kitchen\"}]},{\"@type\":\"WebSite\",\"@id\":\"https:\\\/\\\/clouds.ch\\\/#website\",\"url\":\"https:\\\/\\\/clouds.ch\\\/\",\"name\":\"CLOUDS Kitchen - Panorama Restaurant im Prime Tower Z\u00fcrich\",\"description\":\"Das Lokal im Herzen von Z\u00fcrich mit Open Kitchen und Blick \u00fcber die ganze Stadt. Mit Cocktail Bar, Bistro, Smokers Lounge und Priv\u00e9 f\u00fcr spezielle Events.\",\"potentialAction\":[{\"@type\":\"SearchAction\",\"target\":{\"@type\":\"EntryPoint\",\"urlTemplate\":\"https:\\\/\\\/clouds.ch\\\/?s={search_term_string}\"},\"query-input\":{\"@type\":\"PropertyValueSpecification\",\"valueRequired\":true,\"valueName\":\"search_term_string\"}}],\"inLanguage\":\"en-US\"}]}<\/script>\n<!-- \/ Yoast SEO plugin. -->","yoast_head_json":{"title":"New restaurant with panoramic view CLOUDS Kitchen","description":"Enjoy a spectacular view in the restaurant of Zurich while we are preparing your business lunch or dinner right in front of you in the open CLOUDS Kitchen.","robots":{"index":"index","follow":"follow","max-snippet":"max-snippet:-1","max-image-preview":"max-image-preview:large","max-video-preview":"max-video-preview:-1"},"canonical":"https:\/\/clouds.ch\/en\/clouds-kitchen\/","og_locale":"en_US","og_type":"article","og_title":"New restaurant with panoramic view CLOUDS Kitchen","og_description":"Enjoy a spectacular view in the restaurant of Zurich while we are preparing your business lunch or dinner right in front of you in the open CLOUDS Kitchen.","og_url":"https:\/\/clouds.ch\/en\/clouds-kitchen\/","og_site_name":"CLOUDS Kitchen - Panorama Restaurant im Prime Tower Z\u00fcrich","article_modified_time":"2026-03-25T07:15:38+00:00","twitter_card":"summary_large_image","twitter_misc":{"Est. reading time":"2 minutes"},"schema":{"@context":"https:\/\/schema.org","@graph":[{"@type":"WebPage","@id":"https:\/\/clouds.ch\/en\/clouds-kitchen\/","url":"https:\/\/clouds.ch\/en\/clouds-kitchen\/","name":"New restaurant with panoramic view CLOUDS Kitchen","isPartOf":{"@id":"https:\/\/clouds.ch\/#website"},"datePublished":"2015-08-25T06:16:02+00:00","dateModified":"2026-03-25T07:15:38+00:00","description":"Enjoy a spectacular view in the restaurant of Zurich while we are preparing your business lunch or dinner right in front of you in the open CLOUDS Kitchen.","breadcrumb":{"@id":"https:\/\/clouds.ch\/en\/clouds-kitchen\/#breadcrumb"},"inLanguage":"en-US","potentialAction":[{"@type":"ReadAction","target":["https:\/\/clouds.ch\/en\/clouds-kitchen\/"]}]},{"@type":"BreadcrumbList","@id":"https:\/\/clouds.ch\/en\/clouds-kitchen\/#breadcrumb","itemListElement":[{"@type":"ListItem","position":1,"name":"Home","item":"https:\/\/clouds.ch\/"},{"@type":"ListItem","position":2,"name":"Kitchen"}]},{"@type":"WebSite","@id":"https:\/\/clouds.ch\/#website","url":"https:\/\/clouds.ch\/","name":"CLOUDS Kitchen - Panorama Restaurant im Prime Tower Z\u00fcrich","description":"Das Lokal im Herzen von Z\u00fcrich mit Open Kitchen und Blick \u00fcber die ganze Stadt. Mit Cocktail Bar, Bistro, Smokers Lounge und Priv\u00e9 f\u00fcr spezielle Events.","potentialAction":[{"@type":"SearchAction","target":{"@type":"EntryPoint","urlTemplate":"https:\/\/clouds.ch\/?s={search_term_string}"},"query-input":{"@type":"PropertyValueSpecification","valueRequired":true,"valueName":"search_term_string"}}],"inLanguage":"en-US"}]}},"_links":{"self":[{"href":"https:\/\/clouds.ch\/en\/wp-json\/wp\/v2\/pages\/131","targetHints":{"allow":["GET"]}}],"collection":[{"href":"https:\/\/clouds.ch\/en\/wp-json\/wp\/v2\/pages"}],"about":[{"href":"https:\/\/clouds.ch\/en\/wp-json\/wp\/v2\/types\/page"}],"author":[{"embeddable":true,"href":"https:\/\/clouds.ch\/en\/wp-json\/wp\/v2\/users\/7"}],"replies":[{"embeddable":true,"href":"https:\/\/clouds.ch\/en\/wp-json\/wp\/v2\/comments?post=131"}],"version-history":[{"count":6,"href":"https:\/\/clouds.ch\/en\/wp-json\/wp\/v2\/pages\/131\/revisions"}],"predecessor-version":[{"id":9398,"href":"https:\/\/clouds.ch\/en\/wp-json\/wp\/v2\/pages\/131\/revisions\/9398"}],"wp:attachment":[{"href":"https:\/\/clouds.ch\/en\/wp-json\/wp\/v2\/media?parent=131"}],"curies":[{"name":"wp","href":"https:\/\/api.w.org\/{rel}","templated":true}]}}